{"id":1071209,"date":"2023-08-30T20:14:54","date_gmt":"2023-08-30T20:14:54","guid":{"rendered":"https:\/\/acrylgiessen.com\/sobre-nosotros\/duncan-van-der-merwe-experto-en-teoria-del-color-en-acrylgiessen\/"},"modified":"2023-09-29T18:42:28","modified_gmt":"2023-09-29T18:42:28","slug":"duncan-van-der-merwe","status":"publish","type":"page","link":"https:\/\/acrylgiessen.com\/es\/sobre-nosotros\/duncan-van-der-merwe\/","title":{"rendered":"Duncan van der Merwe \u2013 Experto en Teor\u00eda del Color"},"content":{"rendered":"<div class=\"shariff shariff-align-flex-start shariff-widget-align-flex-start shariff-buttonstretch\" data-services=\"facebook%7Cpinterest\" data-url=\"https%3A%2F%2Facrylgiessen.com%2Fes%2Fsobre-nosotros%2Fduncan-van-der-merwe%2F\" data-timestamp=\"1696012948\" data-hidezero=\"1\" data-backendurl=\"https:\/\/acrylgiessen.com\/es\/wp-json\/shariff\/v1\/share_counts?\"><ul class=\"shariff-buttons theme-color orientation-horizontal buttonsize-medium\"><li class=\"shariff-button facebook shariff-nocustomcolor\" style=\"background-color:#4273c8\"><a href=\"https:\/\/www.facebook.com\/sharer\/sharer.php?u=https%3A%2F%2Facrylgiessen.com%2Fes%2Fsobre-nosotros%2Fduncan-van-der-merwe%2F\" title=\"Bei Facebook teilen\" aria-label=\"Bei Facebook teilen\" role=\"button\" rel=\"nofollow\" class=\"shariff-link\" style=\"; background-color:#3b5998; color:#fff\" target=\"_blank\"><span class=\"shariff-icon\" style=\"\"><svg width=\"32px\" height=\"20px\" xmlns=\"http:\/\/www.w3.org\/2000\/svg\" viewBox=\"0 0 18 32\"><path fill=\"#3b5998\" d=\"M17.1 0.2v4.7h-2.8q-1.5 0-2.1 0.6t-0.5 1.9v3.4h5.2l-0.7 5.3h-4.5v13.6h-5.5v-13.6h-4.5v-5.3h4.5v-3.9q0-3.3 1.9-5.2t5-1.8q2.6 0 4.1 0.2z\"\/><\/svg><\/span><span class=\"shariff-text\">teilen<\/span>&nbsp;<span data-service=\"facebook\" style=\"color:#3b5998\" class=\"shariff-count shariff-hidezero\"><\/span>&nbsp;<\/a><\/li><li class=\"shariff-button pinterest shariff-nocustomcolor\" style=\"background-color:#e70f18\"><a href=\"https:\/\/www.pinterest.com\/pin\/create\/link\/?url=https%3A%2F%2Facrylgiessen.com%2Fes%2Fsobre-nosotros%2Fduncan-van-der-merwe%2F&media=https%3A%2F%2Facrylgiessen.com%2Fwp-content%2Fuploads%2F2023%2F08%2Fduncan-van-der-merwe-1.png&description=Duncan%20van%20der%20Merwe%20%E2%80%93%20Experto%20en%20Teor%C3%ADa%20del%20Color\" title=\"Bei Pinterest pinnen\" aria-label=\"Bei Pinterest pinnen\" role=\"button\" rel=\"noopener nofollow\" class=\"shariff-link\" style=\"; background-color:#cb2027; color:#fff\" target=\"_blank\"><span class=\"shariff-icon\" style=\"\"><svg width=\"32px\" height=\"20px\" xmlns=\"http:\/\/www.w3.org\/2000\/svg\" viewBox=\"0 0 27 32\"><path fill=\"#cb2027\" d=\"M27.4 16q0 3.7-1.8 6.9t-5 5-6.9 1.9q-2 0-3.9-0.6 1.1-1.7 1.4-2.9 0.2-0.6 1-3.8 0.4 0.7 1.3 1.2t2 0.5q2.1 0 3.8-1.2t2.7-3.4 0.9-4.8q0-2-1.1-3.8t-3.1-2.9-4.5-1.2q-1.9 0-3.5 0.5t-2.8 1.4-2 2-1.2 2.3-0.4 2.4q0 1.9 0.7 3.3t2.1 2q0.5 0.2 0.7-0.4 0-0.1 0.1-0.5t0.2-0.5q0.1-0.4-0.2-0.8-0.9-1.1-0.9-2.7 0-2.7 1.9-4.6t4.9-2q2.7 0 4.2 1.5t1.5 3.8q0 3-1.2 5.2t-3.1 2.1q-1.1 0-1.7-0.8t-0.4-1.9q0.1-0.6 0.5-1.7t0.5-1.8 0.2-1.4q0-0.9-0.5-1.5t-1.4-0.6q-1.1 0-1.9 1t-0.8 2.6q0 1.3 0.4 2.2l-1.8 7.5q-0.3 1.2-0.2 3.2-3.7-1.6-6-5t-2.3-7.6q0-3.7 1.9-6.9t5-5 6.9-1.9 6.9 1.9 5 5 1.8 6.9z\"\/><\/svg><\/span><span class=\"shariff-text\">merken<\/span>&nbsp;<span data-service=\"pinterest\" style=\"color:#cb2027\" class=\"shariff-count shariff-hidezero\"><\/span>&nbsp;<\/a><\/li><li class=\"shariff-button twitter shariff-nocustomcolor\" style=\"background-color:#595959\"><a href=\"https:\/\/twitter.com\/share?url=https%3A%2F%2Facrylgiessen.com%2Fes%2Fsobre-nosotros%2Fduncan-van-der-merwe%2F&text=Duncan%20van%20der%20Merwe%20%E2%80%93%20Experto%20en%20Teor%C3%ADa%20del%20Color\" title=\"Bei X teilen\" aria-label=\"Bei X teilen\" role=\"button\" rel=\"noopener nofollow\" class=\"shariff-link\" style=\"; background-color:#000; color:#fff\" target=\"_blank\"><span class=\"shariff-icon\" style=\"\"><svg width=\"32px\" height=\"20px\" xmlns=\"http:\/\/www.w3.org\/2000\/svg\" viewBox=\"0 0 24 24\"><path fill=\"#000\" d=\"M14.258 10.152L23.176 0h-2.113l-7.747 8.813L7.133 0H0l9.352 13.328L0 23.973h2.113l8.176-9.309 6.531 9.309h7.133zm-2.895 3.293l-.949-1.328L2.875 1.56h3.246l6.086 8.523.945 1.328 7.91 11.078h-3.246zm0 0\"\/><\/svg><\/span><span class=\"shariff-text\">teilen<\/span>&nbsp;<\/a><\/li><\/ul><\/div><p>&nbsp;<\/p>\n<h2>Antecedentes y Experiencia<\/h2>\n<p>&nbsp;<\/p>\n<p><img loading=\"lazy\" decoding=\"async\" class=\"size-full wp-image-1071190 alignleft\" src=\"https:\/\/acrylgiessen.com\/wp-content\/uploads\/2023\/08\/duncan-van-der-merwe-1.png\" alt=\"duncan van der merwe\" width=\"200\" height=\"202\" srcset=\"https:\/\/acrylgiessen.com\/wp-content\/uploads\/2023\/08\/duncan-van-der-merwe-1.png 200w, https:\/\/acrylgiessen.com\/wp-content\/uploads\/2023\/08\/duncan-van-der-merwe-1-30x30.png 30w, https:\/\/acrylgiessen.com\/wp-content\/uploads\/2023\/08\/duncan-van-der-merwe-1-75x75.png 75w, https:\/\/acrylgiessen.com\/wp-content\/uploads\/2023\/08\/duncan-van-der-merwe-1-110x110.png 110w, https:\/\/acrylgiessen.com\/wp-content\/uploads\/2023\/08\/duncan-van-der-merwe-1-158x160.png 158w, https:\/\/acrylgiessen.com\/wp-content\/uploads\/2023\/08\/duncan-van-der-merwe-1-50x50.png 50w, https:\/\/acrylgiessen.com\/wp-content\/uploads\/2023\/08\/duncan-van-der-merwe-1-100x100.png 100w, https:\/\/acrylgiessen.com\/wp-content\/uploads\/2023\/08\/duncan-van-der-merwe-1-198x200.png 198w, https:\/\/acrylgiessen.com\/wp-content\/uploads\/2023\/08\/duncan-van-der-merwe-1-96x96.png 96w, https:\/\/acrylgiessen.com\/wp-content\/uploads\/2023\/08\/duncan-van-der-merwe-1-150x152.png 150w\" sizes=\"auto, (max-width: 200px) 100vw, 200px\" \/><\/p>\n<div class=\"has-text-align-left wp-block-post-author-biography\">\n<p>Duncan se licenci\u00f3 en Producci\u00f3n de Cine y TV por la CityVarsity en 2018, tras lo cual sigui\u00f3 dedic\u00e1ndose al cine, al tiempo que se interesaba por la escritura. Desde que se gradu\u00f3, empez\u00f3 a trabajar como vide\u00f3grafo aut\u00f3nomo, filmando una gran variedad de v\u00eddeos musicales, moda y cortometrajes, anuncios, bodas y mucho m\u00e1s. A lo largo de este tiempo, ha ganado varios premios de diversos festivales de cine reconocidos tanto local como internacionalmente. Sin embargo, Duncan sigue disfrutando escribiendo art\u00edculos entre sus aventuras cinematogr\u00e1ficas, apreciando la paz y la claridad que ello conlleva.<\/p>\n<\/div>\n<p>&nbsp;<\/p>\n<p>&nbsp;<\/p>\n<p>&nbsp;<\/p>\n<div class=\"has-text-align-left wp-block-post-author-biography\">\n<h2>El Papel de Duncan en acrylgiessen<\/h2>\n<p>Duncan escribe para acrylgiessen desde 2022. Debido a su vasta experiencia en producci\u00f3n cinematogr\u00e1fica y corte y edici\u00f3n de v\u00eddeo, ha adquirido un gran conocimiento de la teor\u00eda del color en general, los diferentes matices, las combinaciones de colores y todo lo que ello conlleva. En la edici\u00f3n de v\u00eddeo, la teor\u00eda del color ayuda a mejorar la narraci\u00f3n, crear contraste y armon\u00eda, y evocar emociones en el p\u00fablico.<\/p>\n<p>Sus art\u00edculos se centran principalmente en ayudar a los artistas noveles a explorar los fundamentos de ciertos colores, c\u00f3mo pueden combinarse estos colores con otros tonos, as\u00ed como qu\u00e9 colores se crean cuando mezclas unos con otros. Todo ello relacionando estos tonos con pinturas hist\u00f3ricamente significativas que los han incorporado a su paleta de colores. Como amante de las artes que es, siente un gran inter\u00e9s por la \u00e9poca renacentista de la pintura, una \u00e9poca que ha inspirado directamente muchas de sus pel\u00edculas favoritas.<\/p>\n<p>&nbsp;<\/p>\n<h2>Educaci\u00f3n<\/h2>\n<ul>\n<li>Graduado con un diploma en Producci\u00f3n de Cine y Televisi\u00f3n por <strong><a href=\"https:\/\/cityvarsity.co.za\" target=\"_blank\" rel=\"nofollow noopener\">CityVarsity<\/a><\/strong>Ciudad del Cabo en 2018.<\/li>\n<\/ul>\n<p>&nbsp;<\/p>\n<\/div>\n<h2>Experiencia Laboral<\/h2>\n<div>\n<div class=\"ivm-image-view-model pvs-entity__image \">\n<div class=\"ivm-view-attr__img-wrapper display-flex\">\n<div class=\"EntityPhoto-square-3-ghost-company ivm-view-attr__ghost-entity \">\n<ul>\n<li class=\"visually-hidden\">2 a\u00f1os de experiencia como editor de v\u00eddeo en l\u00ednea<\/li>\n<li class=\"visually-hidden\">4 a\u00f1os de experiencia como vide\u00f3grafo y realizador freelance<\/li>\n<li class=\"visually-hidden\">3 a\u00f1os de experiencia como escritor y autor de contenidos<\/li>\n<\/ul>\n<p>&nbsp;<\/p>\n<\/div>\n<\/div>\n<\/div>\n<\/div>\n<div class=\"has-text-align-left wp-block-post-author-biography\">\n<h2>Premios<\/h2>\n<ul>\n<li>1er puesto en creatividad en 2021 para el <a href=\"https:\/\/1minutefilmfestival.com\/\" target=\"_blank\" rel=\"nofollow noopener\"><strong>1MinFilmFestival<\/strong><\/a><\/li>\n<li>Oro en 2023 para el <strong><a href=\"https:\/\/itff.africa\/\" target=\"_blank\" rel=\"nofollow noopener\">Festival Internacional de Cine Tur\u00edstico<\/a><\/strong><\/li>\n<\/ul>\n<p>&nbsp;<\/p>\n<h2>Los Favoritos de los Lectores por Duncan<\/h2>\n<ul>\n<li><strong><a href=\"https:\/\/acrylgiessen.com\/es\/como-hacer-color-azul\/\">Como hacer color azul<\/a><\/strong><\/li>\n<li><strong><a href=\"https:\/\/acrylgiessen.com\/es\/mezclador-de-colores-online\/\">Mezclador de colors online<\/a><\/strong><\/li>\n<li><strong><a href=\"https:\/\/acrylgiessen.com\/es\/como-hacer-color-carne\/\">Como hacer color carne<\/a><\/strong><\/li>\n<li><a href=\"https:\/\/acrylgiessen.com\/es\/tonos-de-rojo\/\"><strong>Tonos de rojo<\/strong><\/a><\/li>\n<\/ul>\n<p><strong><a href=\"https:\/\/acrylgiessen.com\/es\/author\/duncan-van-der-merwe\/\" target=\"_blank\" rel=\"noreferrer noopener\">Leer todos los art\u00edculos de Duncan van der Merwe<\/a><\/strong><\/p>\n<p>&nbsp;<\/p>\n<h2>Contacta con Duncan<\/h2>\n<ul>\n<li><strong><a href=\"https:\/\/www.linkedin.com\/in\/duncan-van-der-merwe-3a8915178\/\" target=\"_blank\" rel=\"nofollow noopener\">Linkedin<\/a><\/strong><\/li>\n<li><strong><a href=\"https:\/\/www.instagram.com\/duncanvdm123\/\" target=\"_blank\" rel=\"nofollow noopener\">Instagram<\/a><\/strong><\/li>\n<li><a href=\"https:\/\/www.youtube.com\/channel\/UCqnBRp9XzjYpfIwJBs3OZKQ\" target=\"_blank\" rel=\"nofollow noopener\"><strong>Youtube<\/strong><\/a><\/li>\n<li><a href=\"https:\/\/duncanvideography.myportfolio.com\/\" target=\"_blank\" rel=\"nofollow noopener\"><strong>Cartera<\/strong><\/a><\/li>\n<li><strong><a href=\"mailto:duncan@acrylgiessen.com\" target=\"_blank\" rel=\"noopener\">eMail<\/a><\/strong><\/li>\n<\/ul>\n<p>&nbsp;<\/p>\n<hr \/>\n<p>acrylgiessen es tu revista creativa con muchos art\u00edculos sobre pintura, dibujo, manualidades y arte en general. M\u00e1s informaci\u00f3n <a href=\"https:\/\/acrylgiessen.com\/es\/sobre-nosotros\"><strong>sobre nosotros<\/strong><\/a>.<\/p>\n<\/div>\n<span class=\"et_bloom_bottom_trigger\"><\/span>","protected":false},"excerpt":{"rendered":"<p>&nbsp; Antecedentes y Experiencia &nbsp; Duncan se licenci\u00f3 en Producci\u00f3n de Cine y TV por la CityVarsity en 2018, tras lo cual sigui\u00f3 dedic\u00e1ndose al cine, al tiempo que se interesaba por la escritura. Desde que se gradu\u00f3, empez\u00f3 a trabajar como vide\u00f3grafo aut\u00f3nomo, filmando una gran variedad de v\u00eddeos musicales, moda y cortometrajes, anuncios,&#8230;<\/p>\n","protected":false},"author":2041,"featured_media":0,"parent":21085,"menu_order":0,"comment_status":"open","ping_status":"closed","template":"","meta":{"_kad_blocks_custom_css":"","_kad_blocks_head_custom_js":"","_kad_blocks_body_custom_js":"","_kad_blocks_footer_custom_js":"","_kad_post_transparent":"default","_kad_post_title":"default","_kad_post_layout":"default","_kad_post_sidebar_id":"","_kad_post_content_style":"default","_kad_post_vertical_padding":"default","_kad_post_feature":"","_kad_post_feature_position":"","_kad_post_header":false,"_kad_post_footer":false,"_kad_post_classname":"","footnotes":""},"categories":[],"tags":[],"class_list":["post-1071209","page","type-page","status-publish","hentry"],"yoast_head":"<!-- This site is optimized with the Yoast SEO plugin v26.9 - https:\/\/yoast.com\/product\/yoast-seo-wordpress\/ -->\n<title>Duncan van der Merwe \u2013 Experto en Teor\u00eda del Color<\/title>\n<meta name=\"description\" content=\"Conoce a Duncan van der Merwe, nuestro experto en teor\u00eda del color. Hemos resumido su biograf\u00eda y experiencia.\" \/>\n<meta name=\"robots\" content=\"index, follow, max-snippet:-1, max-image-preview:large, max-video-preview:-1\" \/>\n<link rel=\"canonical\" href=\"https:\/\/acrylgiessen.com\/es\/sobre-nosotros\/duncan-van-der-merwe\/\" \/>\n<meta property=\"og:locale\" content=\"es_ES\" \/>\n<meta property=\"og:type\" content=\"article\" \/>\n<meta property=\"og:title\" content=\"Duncan van der Merwe \u2013 Experto en Teor\u00eda del Color\" \/>\n<meta property=\"og:description\" content=\"Conoce a Duncan van der Merwe, nuestro experto en teor\u00eda del color. Hemos resumido su biograf\u00eda y experiencia.\" \/>\n<meta property=\"og:url\" content=\"https:\/\/acrylgiessen.com\/es\/sobre-nosotros\/duncan-van-der-merwe\/\" \/>\n<meta property=\"og:site_name\" content=\"acrylgiessen.com \u2013 Creative Magazine\" \/>\n<meta property=\"article:publisher\" content=\"https:\/\/www.facebook.com\/acrylgiessen\/\" \/>\n<meta property=\"article:modified_time\" content=\"2023-09-29T18:42:28+00:00\" \/>\n<meta property=\"og:image\" content=\"https:\/\/acrylgiessen.com\/wp-content\/uploads\/2023\/08\/duncan-van-der-merwe-1.png\" \/>\n<meta name=\"twitter:card\" content=\"summary_large_image\" \/>\n<meta name=\"twitter:site\" content=\"@acrylgiessencom\" \/>\n<meta name=\"twitter:label1\" content=\"Tiempo de lectura\" \/>\n\t<meta name=\"twitter:data1\" content=\"3 minutos\" \/>\n<script type=\"application\/ld+json\" class=\"yoast-schema-graph\">{\"@context\":\"https:\/\/schema.org\",\"@graph\":[{\"@type\":\"WebPage\",\"@id\":\"https:\/\/acrylgiessen.com\/es\/sobre-nosotros\/duncan-van-der-merwe\/\",\"url\":\"https:\/\/acrylgiessen.com\/es\/sobre-nosotros\/duncan-van-der-merwe\/\",\"name\":\"Duncan van der Merwe \u2013 Experto en Teor\u00eda del Color\",\"isPartOf\":{\"@id\":\"https:\/\/acrylgiessen.com\/es\/#website\"},\"primaryImageOfPage\":{\"@id\":\"https:\/\/acrylgiessen.com\/es\/sobre-nosotros\/duncan-van-der-merwe\/#primaryimage\"},\"image\":{\"@id\":\"https:\/\/acrylgiessen.com\/es\/sobre-nosotros\/duncan-van-der-merwe\/#primaryimage\"},\"thumbnailUrl\":\"https:\/\/acrylgiessen.com\/wp-content\/uploads\/2023\/08\/duncan-van-der-merwe-1.png\",\"datePublished\":\"2023-08-30T20:14:54+00:00\",\"dateModified\":\"2023-09-29T18:42:28+00:00\",\"description\":\"Conoce a Duncan van der Merwe, nuestro experto en teor\u00eda del color. Hemos resumido su biograf\u00eda y experiencia.\",\"breadcrumb\":{\"@id\":\"https:\/\/acrylgiessen.com\/es\/sobre-nosotros\/duncan-van-der-merwe\/#breadcrumb\"},\"inLanguage\":\"es\",\"potentialAction\":[{\"@type\":\"ReadAction\",\"target\":[\"https:\/\/acrylgiessen.com\/es\/sobre-nosotros\/duncan-van-der-merwe\/\"]}]},{\"@type\":\"ImageObject\",\"inLanguage\":\"es\",\"@id\":\"https:\/\/acrylgiessen.com\/es\/sobre-nosotros\/duncan-van-der-merwe\/#primaryimage\",\"url\":\"https:\/\/acrylgiessen.com\/wp-content\/uploads\/2023\/08\/duncan-van-der-merwe-1.png\",\"contentUrl\":\"https:\/\/acrylgiessen.com\/wp-content\/uploads\/2023\/08\/duncan-van-der-merwe-1.png\"},{\"@type\":\"BreadcrumbList\",\"@id\":\"https:\/\/acrylgiessen.com\/es\/sobre-nosotros\/duncan-van-der-merwe\/#breadcrumb\",\"itemListElement\":[{\"@type\":\"ListItem\",\"position\":1,\"name\":\"Startseite\",\"item\":\"https:\/\/acrylgiessen.com\/es\/\"},{\"@type\":\"ListItem\",\"position\":2,\"name\":\"Sobre nosotros\",\"item\":\"https:\/\/acrylgiessen.com\/es\/sobre-nosotros\/\"},{\"@type\":\"ListItem\",\"position\":3,\"name\":\"Duncan van der Merwe \u2013 Experto en Teor\u00eda del Color\"}]},{\"@type\":\"WebSite\",\"@id\":\"https:\/\/acrylgiessen.com\/es\/#website\",\"url\":\"https:\/\/acrylgiessen.com\/es\/\",\"name\":\"acrylgiessen.com \u2013 Creative Magazine\",\"description\":\"\",\"publisher\":{\"@id\":\"https:\/\/acrylgiessen.com\/es\/#organization\"},\"potentialAction\":[{\"@type\":\"SearchAction\",\"target\":{\"@type\":\"EntryPoint\",\"urlTemplate\":\"https:\/\/acrylgiessen.com\/es\/?s={search_term_string}\"},\"query-input\":{\"@type\":\"PropertyValueSpecification\",\"valueRequired\":true,\"valueName\":\"search_term_string\"}}],\"inLanguage\":\"es\"},{\"@type\":\"Organization\",\"@id\":\"https:\/\/acrylgiessen.com\/es\/#organization\",\"name\":\"acrylgiessen\",\"url\":\"https:\/\/acrylgiessen.com\/es\/\",\"logo\":{\"@type\":\"ImageObject\",\"inLanguage\":\"es\",\"@id\":\"https:\/\/acrylgiessen.com\/es\/#\/schema\/logo\/image\/\",\"url\":\"https:\/\/acrylgiessen.com\/wp-content\/uploads\/2021\/06\/favicon_acrylgiessen_kadence.jpg\",\"contentUrl\":\"https:\/\/acrylgiessen.com\/wp-content\/uploads\/2021\/06\/favicon_acrylgiessen_kadence.jpg\",\"width\":880,\"height\":880,\"caption\":\"acrylgiessen\"},\"image\":{\"@id\":\"https:\/\/acrylgiessen.com\/es\/#\/schema\/logo\/image\/\"},\"sameAs\":[\"https:\/\/www.facebook.com\/acrylgiessen\/\",\"https:\/\/x.com\/acrylgiessencom\",\"https:\/\/www.instagram.com\/acrylgiessen\/\",\"https:\/\/www.pinterest.ch\/acrylgiessencom\/\",\"https:\/\/www.youtube.com\/c\/acrylgiessencom\"]}]}<\/script>\n<!-- \/ Yoast SEO plugin. -->","yoast_head_json":{"title":"Duncan van der Merwe \u2013 Experto en Teor\u00eda del Color","description":"Conoce a Duncan van der Merwe, nuestro experto en teor\u00eda del color. Hemos resumido su biograf\u00eda y experiencia.","robots":{"index":"index","follow":"follow","max-snippet":"max-snippet:-1","max-image-preview":"max-image-preview:large","max-video-preview":"max-video-preview:-1"},"canonical":"https:\/\/acrylgiessen.com\/es\/sobre-nosotros\/duncan-van-der-merwe\/","og_locale":"es_ES","og_type":"article","og_title":"Duncan van der Merwe \u2013 Experto en Teor\u00eda del Color","og_description":"Conoce a Duncan van der Merwe, nuestro experto en teor\u00eda del color. Hemos resumido su biograf\u00eda y experiencia.","og_url":"https:\/\/acrylgiessen.com\/es\/sobre-nosotros\/duncan-van-der-merwe\/","og_site_name":"acrylgiessen.com \u2013 Creative Magazine","article_publisher":"https:\/\/www.facebook.com\/acrylgiessen\/","article_modified_time":"2023-09-29T18:42:28+00:00","og_image":[{"url":"https:\/\/acrylgiessen.com\/wp-content\/uploads\/2023\/08\/duncan-van-der-merwe-1.png","type":"","width":"","height":""}],"twitter_card":"summary_large_image","twitter_site":"@acrylgiessencom","twitter_misc":{"Tiempo de lectura":"3 minutos"},"schema":{"@context":"https:\/\/schema.org","@graph":[{"@type":"WebPage","@id":"https:\/\/acrylgiessen.com\/es\/sobre-nosotros\/duncan-van-der-merwe\/","url":"https:\/\/acrylgiessen.com\/es\/sobre-nosotros\/duncan-van-der-merwe\/","name":"Duncan van der Merwe \u2013 Experto en Teor\u00eda del Color","isPartOf":{"@id":"https:\/\/acrylgiessen.com\/es\/#website"},"primaryImageOfPage":{"@id":"https:\/\/acrylgiessen.com\/es\/sobre-nosotros\/duncan-van-der-merwe\/#primaryimage"},"image":{"@id":"https:\/\/acrylgiessen.com\/es\/sobre-nosotros\/duncan-van-der-merwe\/#primaryimage"},"thumbnailUrl":"https:\/\/acrylgiessen.com\/wp-content\/uploads\/2023\/08\/duncan-van-der-merwe-1.png","datePublished":"2023-08-30T20:14:54+00:00","dateModified":"2023-09-29T18:42:28+00:00","description":"Conoce a Duncan van der Merwe, nuestro experto en teor\u00eda del color. Hemos resumido su biograf\u00eda y experiencia.","breadcrumb":{"@id":"https:\/\/acrylgiessen.com\/es\/sobre-nosotros\/duncan-van-der-merwe\/#breadcrumb"},"inLanguage":"es","potentialAction":[{"@type":"ReadAction","target":["https:\/\/acrylgiessen.com\/es\/sobre-nosotros\/duncan-van-der-merwe\/"]}]},{"@type":"ImageObject","inLanguage":"es","@id":"https:\/\/acrylgiessen.com\/es\/sobre-nosotros\/duncan-van-der-merwe\/#primaryimage","url":"https:\/\/acrylgiessen.com\/wp-content\/uploads\/2023\/08\/duncan-van-der-merwe-1.png","contentUrl":"https:\/\/acrylgiessen.com\/wp-content\/uploads\/2023\/08\/duncan-van-der-merwe-1.png"},{"@type":"BreadcrumbList","@id":"https:\/\/acrylgiessen.com\/es\/sobre-nosotros\/duncan-van-der-merwe\/#breadcrumb","itemListElement":[{"@type":"ListItem","position":1,"name":"Startseite","item":"https:\/\/acrylgiessen.com\/es\/"},{"@type":"ListItem","position":2,"name":"Sobre nosotros","item":"https:\/\/acrylgiessen.com\/es\/sobre-nosotros\/"},{"@type":"ListItem","position":3,"name":"Duncan van der Merwe \u2013 Experto en Teor\u00eda del Color"}]},{"@type":"WebSite","@id":"https:\/\/acrylgiessen.com\/es\/#website","url":"https:\/\/acrylgiessen.com\/es\/","name":"acrylgiessen.com \u2013 Creative Magazine","description":"","publisher":{"@id":"https:\/\/acrylgiessen.com\/es\/#organization"},"potentialAction":[{"@type":"SearchAction","target":{"@type":"EntryPoint","urlTemplate":"https:\/\/acrylgiessen.com\/es\/?s={search_term_string}"},"query-input":{"@type":"PropertyValueSpecification","valueRequired":true,"valueName":"search_term_string"}}],"inLanguage":"es"},{"@type":"Organization","@id":"https:\/\/acrylgiessen.com\/es\/#organization","name":"acrylgiessen","url":"https:\/\/acrylgiessen.com\/es\/","logo":{"@type":"ImageObject","inLanguage":"es","@id":"https:\/\/acrylgiessen.com\/es\/#\/schema\/logo\/image\/","url":"https:\/\/acrylgiessen.com\/wp-content\/uploads\/2021\/06\/favicon_acrylgiessen_kadence.jpg","contentUrl":"https:\/\/acrylgiessen.com\/wp-content\/uploads\/2021\/06\/favicon_acrylgiessen_kadence.jpg","width":880,"height":880,"caption":"acrylgiessen"},"image":{"@id":"https:\/\/acrylgiessen.com\/es\/#\/schema\/logo\/image\/"},"sameAs":["https:\/\/www.facebook.com\/acrylgiessen\/","https:\/\/x.com\/acrylgiessencom","https:\/\/www.instagram.com\/acrylgiessen\/","https:\/\/www.pinterest.ch\/acrylgiessencom\/","https:\/\/www.youtube.com\/c\/acrylgiessencom"]}]}},"taxonomy_info":[],"featured_image_src_large":false,"author_info":{"display_name":"acrylgiessen","author_link":"https:\/\/acrylgiessen.com\/es\/author\/acrylgiessen\/"},"comment_info":0,"_links":{"self":[{"href":"https:\/\/acrylgiessen.com\/es\/wp-json\/wp\/v2\/pages\/1071209","targetHints":{"allow":["GET"]}}],"collection":[{"href":"https:\/\/acrylgiessen.com\/es\/wp-json\/wp\/v2\/pages"}],"about":[{"href":"https:\/\/acrylgiessen.com\/es\/wp-json\/wp\/v2\/types\/page"}],"author":[{"embeddable":true,"href":"https:\/\/acrylgiessen.com\/es\/wp-json\/wp\/v2\/users\/2041"}],"replies":[{"embeddable":true,"href":"https:\/\/acrylgiessen.com\/es\/wp-json\/wp\/v2\/comments?post=1071209"}],"version-history":[{"count":8,"href":"https:\/\/acrylgiessen.com\/es\/wp-json\/wp\/v2\/pages\/1071209\/revisions"}],"predecessor-version":[{"id":1072683,"href":"https:\/\/acrylgiessen.com\/es\/wp-json\/wp\/v2\/pages\/1071209\/revisions\/1072683"}],"up":[{"embeddable":true,"href":"https:\/\/acrylgiessen.com\/es\/wp-json\/wp\/v2\/pages\/21085"}],"wp:attachment":[{"href":"https:\/\/acrylgiessen.com\/es\/wp-json\/wp\/v2\/media?parent=1071209"}],"wp:term":[{"taxonomy":"category","embeddable":true,"href":"https:\/\/acrylgiessen.com\/es\/wp-json\/wp\/v2\/categories?post=1071209"},{"taxonomy":"post_tag","embeddable":true,"href":"https:\/\/acrylgiessen.com\/es\/wp-json\/wp\/v2\/tags?post=1071209"}],"curies":[{"name":"wp","href":"https:\/\/api.w.org\/{rel}","templated":true}]}}